{"id":351,"date":"2026-03-27T21:11:09","date_gmt":"2026-03-27T21:11:09","guid":{"rendered":"https:\/\/npgingenieria.com\/?page_id=351"},"modified":"2026-03-27T21:11:54","modified_gmt":"2026-03-27T21:11:54","slug":"asesoria-gratuita-para-plantas-electricas-npg-ingenieria","status":"publish","type":"page","link":"https:\/\/npgingenieria.com\/?page_id=351","title":{"rendered":"Asesoria gratuita para plantas el\u00e9ctricas NPG INGENIERIA"},"content":{"rendered":"\n<p>Asesor\u00eda gratuita en instalaci\u00f3n de plantas el\u00e9ctricas o verificaci\u00f3n de sistemas existentes.<\/p>\n\n\n\n<p>Beneficios de una buen asesor\u00eda<\/p>\n\n\n\n<p>Evaluaci\u00f3n profesional del sitio<\/p>\n\n\n\n<p>C\u00e1lculo correcto de potencia<\/p>\n\n\n\n<p>Selecci\u00f3n del generador adecuado<\/p>\n\n\n\n<p>Optimizaci\u00f3n del consumo de combustible<\/p>\n\n\n\n<p>Instalaci\u00f3n segura y confiable<\/p>\n\n\n\n<p>Cumplimiento de normas y regulaciones<\/p>\n\n\n\n<p>Una buena asesor\u00eda es clave para garantizar que su sistema de respaldo funcione cuando mas lo necesita de manera confiable y eficiente.<\/p>\n\n\n\n<p>Solicita tu asesor\u00eda sin costo y recibe la mejor recomendaci\u00f3n para tu operaci\u00f3n<\/p>\n\n\n\n<p><\/p>\n","protected":false},"excerpt":{"rendered":"<p>Asesor\u00eda gratuita en instalaci\u00f3n de plantas el\u00e9ctricas o verificaci\u00f3n de sistemas existentes. Beneficios de una buen asesor\u00eda Evaluaci\u00f3n profesional del sitio C\u00e1lculo correcto de potencia Selecci\u00f3n del generador adecuado Optimizaci\u00f3n del consumo de combustible Instalaci\u00f3n segura y confiable Cumplimiento de normas y regulaciones Una buena asesor\u00eda es clave para garantizar que su sistema de respaldo [&hellip;]<\/p>\n","protected":false},"author":1,"featured_media":346,"parent":0,"menu_order":0,"comment_status":"closed","ping_status":"closed","template":"","meta":{"_joinchat":[],"footnotes":""},"class_list":["post-351","page","type-page","status-publish","has-post-thumbnail","hentry"],"_hostinger_reach_plugin_has_subscription_block":false,"_hostinger_reach_plugin_is_elementor":false,"jetpack_sharing_enabled":true,"_links":{"self":[{"href":"https:\/\/npgingenieria.com\/index.php?rest_route=\/wp\/v2\/pages\/351","targetHints":{"allow":["GET"]}}],"collection":[{"href":"https:\/\/npgingenieria.com\/index.php?rest_route=\/wp\/v2\/pages"}],"about":[{"href":"https:\/\/npgingenieria.com\/index.php?rest_route=\/wp\/v2\/types\/page"}],"author":[{"embeddable":true,"href":"https:\/\/npgingenieria.com\/index.php?rest_route=\/wp\/v2\/users\/1"}],"replies":[{"embeddable":true,"href":"https:\/\/npgingenieria.com\/index.php?rest_route=%2Fwp%2Fv2%2Fcomments&post=351"}],"version-history":[{"count":1,"href":"https:\/\/npgingenieria.com\/index.php?rest_route=\/wp\/v2\/pages\/351\/revisions"}],"predecessor-version":[{"id":352,"href":"https:\/\/npgingenieria.com\/index.php?rest_route=\/wp\/v2\/pages\/351\/revisions\/352"}],"wp:featuredmedia":[{"embeddable":true,"href":"https:\/\/npgingenieria.com\/index.php?rest_route=\/wp\/v2\/media\/346"}],"wp:attachment":[{"href":"https:\/\/npgingenieria.com\/index.php?rest_route=%2Fwp%2Fv2%2Fmedia&parent=351"}],"curies":[{"name":"wp","href":"https:\/\/api.w.org\/{rel}","templated":true}]}}