{"id":255,"date":"2026-03-24T21:03:07","date_gmt":"2026-03-24T21:03:07","guid":{"rendered":"https:\/\/npgingenieria.com\/?page_id=255"},"modified":"2026-03-24T21:03:09","modified_gmt":"2026-03-24T21:03:09","slug":"cotizar","status":"publish","type":"page","link":"https:\/\/npgingenieria.com\/?page_id=255","title":{"rendered":"Cotizar"},"content":{"rendered":"\n<h1 class=\"wp-block-heading\">Solicite su cotizaci\u00f3n<\/h1>\n\n\n\n<h2 class=\"wp-block-heading\">Cotizar planta el\u00e9ctrica en Colombia | Solicite diagn\u00f3stico y asesor\u00eda<\/h2>\n\n\n\n<p>Solicite una cotizaci\u00f3n de plantas el\u00e9ctricas, mantenimiento o repuestos. Reciba asesor\u00eda t\u00e9cnica personalizada para su empresa. cotizar ahora<\/p>\n\n\n\n<p><\/p>\n","protected":false},"excerpt":{"rendered":"<p>Solicite su cotizaci\u00f3n Cotizar planta el\u00e9ctrica en Colombia | Solicite diagn\u00f3stico y asesor\u00eda Solicite una cotizaci\u00f3n de plantas el\u00e9ctricas, mantenimiento o repuestos. Reciba asesor\u00eda t\u00e9cnica personalizada para su empresa. cotizar ahora<\/p>\n","protected":false},"author":1,"featured_media":256,"parent":0,"menu_order":0,"comment_status":"closed","ping_status":"closed","template":"","meta":{"_joinchat":[],"footnotes":""},"class_list":["post-255","page","type-page","status-publish","has-post-thumbnail","hentry"],"_hostinger_reach_plugin_has_subscription_block":false,"_hostinger_reach_plugin_is_elementor":false,"jetpack_sharing_enabled":true,"_links":{"self":[{"href":"https:\/\/npgingenieria.com\/index.php?rest_route=\/wp\/v2\/pages\/255","targetHints":{"allow":["GET"]}}],"collection":[{"href":"https:\/\/npgingenieria.com\/index.php?rest_route=\/wp\/v2\/pages"}],"about":[{"href":"https:\/\/npgingenieria.com\/index.php?rest_route=\/wp\/v2\/types\/page"}],"author":[{"embeddable":true,"href":"https:\/\/npgingenieria.com\/index.php?rest_route=\/wp\/v2\/users\/1"}],"replies":[{"embeddable":true,"href":"https:\/\/npgingenieria.com\/index.php?rest_route=%2Fwp%2Fv2%2Fcomments&post=255"}],"version-history":[{"count":1,"href":"https:\/\/npgingenieria.com\/index.php?rest_route=\/wp\/v2\/pages\/255\/revisions"}],"predecessor-version":[{"id":257,"href":"https:\/\/npgingenieria.com\/index.php?rest_route=\/wp\/v2\/pages\/255\/revisions\/257"}],"wp:featuredmedia":[{"embeddable":true,"href":"https:\/\/npgingenieria.com\/index.php?rest_route=\/wp\/v2\/media\/256"}],"wp:attachment":[{"href":"https:\/\/npgingenieria.com\/index.php?rest_route=%2Fwp%2Fv2%2Fmedia&parent=255"}],"curies":[{"name":"wp","href":"https:\/\/api.w.org\/{rel}","templated":true}]}}