{"id":252,"date":"2026-03-24T20:56:33","date_gmt":"2026-03-24T20:56:33","guid":{"rendered":"https:\/\/npgingenieria.com\/?page_id=252"},"modified":"2026-03-24T20:56:35","modified_gmt":"2026-03-24T20:56:35","slug":"recursos","status":"publish","type":"page","link":"https:\/\/npgingenieria.com\/?page_id=252","title":{"rendered":"Recursos"},"content":{"rendered":"\n<h1 class=\"wp-block-heading\">Repuestos y manuales de plantas el\u00e9ctricas | Descargas y soporte t\u00e9cnico<\/h1>\n\n\n\n<h2 class=\"wp-block-heading\">Soporte 24 Horas<\/h2>\n\n\n\n<p>Encuentre repuestos, manuales y contenido t\u00e9cnico especializado para optimizar el funcionamiento de sus equipos. Todos estos recursos apoyaran tu operaci\u00f3n<\/p>\n\n\n\n<p><\/p>\n","protected":false},"excerpt":{"rendered":"<p>Repuestos y manuales de plantas el\u00e9ctricas | Descargas y soporte t\u00e9cnico Soporte 24 Horas Encuentre repuestos, manuales y contenido t\u00e9cnico especializado para optimizar el funcionamiento de sus equipos. Todos estos recursos apoyaran tu operaci\u00f3n<\/p>\n","protected":false},"author":1,"featured_media":253,"parent":0,"menu_order":0,"comment_status":"closed","ping_status":"closed","template":"","meta":{"_joinchat":[],"footnotes":""},"class_list":["post-252","page","type-page","status-publish","has-post-thumbnail","hentry"],"_hostinger_reach_plugin_has_subscription_block":false,"_hostinger_reach_plugin_is_elementor":false,"jetpack_sharing_enabled":true,"_links":{"self":[{"href":"https:\/\/npgingenieria.com\/index.php?rest_route=\/wp\/v2\/pages\/252","targetHints":{"allow":["GET"]}}],"collection":[{"href":"https:\/\/npgingenieria.com\/index.php?rest_route=\/wp\/v2\/pages"}],"about":[{"href":"https:\/\/npgingenieria.com\/index.php?rest_route=\/wp\/v2\/types\/page"}],"author":[{"embeddable":true,"href":"https:\/\/npgingenieria.com\/index.php?rest_route=\/wp\/v2\/users\/1"}],"replies":[{"embeddable":true,"href":"https:\/\/npgingenieria.com\/index.php?rest_route=%2Fwp%2Fv2%2Fcomments&post=252"}],"version-history":[{"count":1,"href":"https:\/\/npgingenieria.com\/index.php?rest_route=\/wp\/v2\/pages\/252\/revisions"}],"predecessor-version":[{"id":254,"href":"https:\/\/npgingenieria.com\/index.php?rest_route=\/wp\/v2\/pages\/252\/revisions\/254"}],"wp:featuredmedia":[{"embeddable":true,"href":"https:\/\/npgingenieria.com\/index.php?rest_route=\/wp\/v2\/media\/253"}],"wp:attachment":[{"href":"https:\/\/npgingenieria.com\/index.php?rest_route=%2Fwp%2Fv2%2Fmedia&parent=252"}],"curies":[{"name":"wp","href":"https:\/\/api.w.org\/{rel}","templated":true}]}}