{"id":250,"date":"2026-03-24T20:48:35","date_gmt":"2026-03-24T20:48:35","guid":{"rendered":"https:\/\/npgingenieria.com\/?page_id=250"},"modified":"2026-03-24T20:49:53","modified_gmt":"2026-03-24T20:49:53","slug":"soluciones","status":"publish","type":"page","link":"https:\/\/npgingenieria.com\/?page_id=250","title":{"rendered":"Soluciones"},"content":{"rendered":"\n<h1 class=\"wp-block-heading\">Soluciones energ\u00e9ticas para empresas en Colombia | Plantas el\u00e9ctricas y respaldo.<\/h1>\n\n\n\n<h2 class=\"wp-block-heading\">Soluciones en continuidad energ\u00e9tica<\/h2>\n\n\n\n<p>En NPG ingenieria desarrollamos soluciones adaptadas a las necesidades de cada operaci\u00f3n, garantizando respaldo energ\u00e9tico eficiente y confiable.<\/p>\n\n\n\n<p><\/p>\n","protected":false},"excerpt":{"rendered":"<p>Soluciones energ\u00e9ticas para empresas en Colombia | Plantas el\u00e9ctricas y respaldo. Soluciones en continuidad energ\u00e9tica En NPG ingenieria desarrollamos soluciones adaptadas a las necesidades de cada operaci\u00f3n, garantizando respaldo energ\u00e9tico eficiente y confiable.<\/p>\n","protected":false},"author":1,"featured_media":0,"parent":0,"menu_order":0,"comment_status":"closed","ping_status":"closed","template":"","meta":{"_joinchat":[],"footnotes":""},"class_list":["post-250","page","type-page","status-publish","hentry"],"_hostinger_reach_plugin_has_subscription_block":false,"_hostinger_reach_plugin_is_elementor":false,"jetpack_sharing_enabled":true,"_links":{"self":[{"href":"https:\/\/npgingenieria.com\/index.php?rest_route=\/wp\/v2\/pages\/250","targetHints":{"allow":["GET"]}}],"collection":[{"href":"https:\/\/npgingenieria.com\/index.php?rest_route=\/wp\/v2\/pages"}],"about":[{"href":"https:\/\/npgingenieria.com\/index.php?rest_route=\/wp\/v2\/types\/page"}],"author":[{"embeddable":true,"href":"https:\/\/npgingenieria.com\/index.php?rest_route=\/wp\/v2\/users\/1"}],"replies":[{"embeddable":true,"href":"https:\/\/npgingenieria.com\/index.php?rest_route=%2Fwp%2Fv2%2Fcomments&post=250"}],"version-history":[{"count":1,"href":"https:\/\/npgingenieria.com\/index.php?rest_route=\/wp\/v2\/pages\/250\/revisions"}],"predecessor-version":[{"id":251,"href":"https:\/\/npgingenieria.com\/index.php?rest_route=\/wp\/v2\/pages\/250\/revisions\/251"}],"wp:attachment":[{"href":"https:\/\/npgingenieria.com\/index.php?rest_route=%2Fwp%2Fv2%2Fmedia&parent=250"}],"curies":[{"name":"wp","href":"https:\/\/api.w.org\/{rel}","templated":true}]}}