{"id":247,"date":"2026-03-24T20:42:06","date_gmt":"2026-03-24T20:42:06","guid":{"rendered":"https:\/\/npgingenieria.com\/?page_id=247"},"modified":"2026-03-24T20:42:08","modified_gmt":"2026-03-24T20:42:08","slug":"posventa","status":"publish","type":"page","link":"https:\/\/npgingenieria.com\/?page_id=247","title":{"rendered":"Posventa"},"content":{"rendered":"\n<h1 class=\"wp-block-heading\">Soporte posventa de plantas el\u00e9ctricas en Colombia | Mantenimiento y asistencia t\u00e9cnica<\/h1>\n\n\n\n<p>Servicio posventa NPG ingenieria especializado en plantas el\u00e9ctricas. Mantenimiento, soporte t\u00e9cnico y atenci\u00f3n de emergencias para garantizar la continuidad operativa. Soporte posventa que garantiza su operaci\u00f3n. Nuestro enfoque en posventa asegura que sus equipos funcionen cuando m\u00e1s lo necesita, con respuesta r\u00e1pida y soporte t\u00e9cnico especializado.<\/p>\n","protected":false},"excerpt":{"rendered":"<p>Soporte posventa de plantas el\u00e9ctricas en Colombia | Mantenimiento y asistencia t\u00e9cnica Servicio posventa NPG ingenieria especializado en plantas el\u00e9ctricas. Mantenimiento, soporte t\u00e9cnico y atenci\u00f3n de emergencias para garantizar la continuidad operativa. Soporte posventa que garantiza su operaci\u00f3n. Nuestro enfoque en posventa asegura que sus equipos funcionen cuando m\u00e1s lo necesita, con respuesta r\u00e1pida y [&hellip;]<\/p>\n","protected":false},"author":1,"featured_media":248,"parent":0,"menu_order":0,"comment_status":"closed","ping_status":"closed","template":"","meta":{"_joinchat":[],"footnotes":""},"class_list":["post-247","page","type-page","status-publish","has-post-thumbnail","hentry"],"_hostinger_reach_plugin_has_subscription_block":false,"_hostinger_reach_plugin_is_elementor":false,"jetpack_sharing_enabled":true,"_links":{"self":[{"href":"https:\/\/npgingenieria.com\/index.php?rest_route=\/wp\/v2\/pages\/247","targetHints":{"allow":["GET"]}}],"collection":[{"href":"https:\/\/npgingenieria.com\/index.php?rest_route=\/wp\/v2\/pages"}],"about":[{"href":"https:\/\/npgingenieria.com\/index.php?rest_route=\/wp\/v2\/types\/page"}],"author":[{"embeddable":true,"href":"https:\/\/npgingenieria.com\/index.php?rest_route=\/wp\/v2\/users\/1"}],"replies":[{"embeddable":true,"href":"https:\/\/npgingenieria.com\/index.php?rest_route=%2Fwp%2Fv2%2Fcomments&post=247"}],"version-history":[{"count":1,"href":"https:\/\/npgingenieria.com\/index.php?rest_route=\/wp\/v2\/pages\/247\/revisions"}],"predecessor-version":[{"id":249,"href":"https:\/\/npgingenieria.com\/index.php?rest_route=\/wp\/v2\/pages\/247\/revisions\/249"}],"wp:featuredmedia":[{"embeddable":true,"href":"https:\/\/npgingenieria.com\/index.php?rest_route=\/wp\/v2\/media\/248"}],"wp:attachment":[{"href":"https:\/\/npgingenieria.com\/index.php?rest_route=%2Fwp%2Fv2%2Fmedia&parent=247"}],"curies":[{"name":"wp","href":"https:\/\/api.w.org\/{rel}","templated":true}]}}