{"id":238,"date":"2026-03-24T20:27:48","date_gmt":"2026-03-24T20:27:48","guid":{"rendered":"https:\/\/npgingenieria.com\/?page_id=238"},"modified":"2026-03-24T20:27:50","modified_gmt":"2026-03-24T20:27:50","slug":"servicios","status":"publish","type":"page","link":"https:\/\/npgingenieria.com\/?page_id=238","title":{"rendered":"Servicios"},"content":{"rendered":"\n<h1 class=\"wp-block-heading\">Servicios especializados en plantas el\u00e9ctricas NPG INGENIERIA<\/h1>\n\n\n\n<p>EN NPG INGENIERIA Brindamos soluciones t\u00e9cnicas completas en plantas el\u00e9ctricas, desde la selecci\u00f3n del equipo adecuado hasta su mantenimiento y operaci\u00f3n eficiente. Servicios especializados en plantas el\u00e9ctricas: venta, mantenimiento preventivo y correctivo, diagn\u00f3stico t\u00e9cnico y soluciones energ\u00e9ticas para empresas en Colombia. Brindamos soluciones t\u00e9cnicas completas en plantas el\u00e9ctricas, desde la selecci\u00f3n del equipo adecuado hasta su mantenimiento y operaci\u00f3n eficiente.<\/p>\n","protected":false},"excerpt":{"rendered":"<p>Servicios especializados en plantas el\u00e9ctricas NPG INGENIERIA EN NPG INGENIERIA Brindamos soluciones t\u00e9cnicas completas en plantas el\u00e9ctricas, desde la selecci\u00f3n del equipo adecuado hasta su mantenimiento y operaci\u00f3n eficiente. Servicios especializados en plantas el\u00e9ctricas: venta, mantenimiento preventivo y correctivo, diagn\u00f3stico t\u00e9cnico y soluciones energ\u00e9ticas para empresas en Colombia. Brindamos soluciones t\u00e9cnicas completas en plantas el\u00e9ctricas, [&hellip;]<\/p>\n","protected":false},"author":1,"featured_media":239,"parent":0,"menu_order":0,"comment_status":"closed","ping_status":"closed","template":"","meta":{"_joinchat":[],"footnotes":""},"class_list":["post-238","page","type-page","status-publish","has-post-thumbnail","hentry"],"_hostinger_reach_plugin_has_subscription_block":false,"_hostinger_reach_plugin_is_elementor":false,"jetpack_sharing_enabled":true,"_links":{"self":[{"href":"https:\/\/npgingenieria.com\/index.php?rest_route=\/wp\/v2\/pages\/238","targetHints":{"allow":["GET"]}}],"collection":[{"href":"https:\/\/npgingenieria.com\/index.php?rest_route=\/wp\/v2\/pages"}],"about":[{"href":"https:\/\/npgingenieria.com\/index.php?rest_route=\/wp\/v2\/types\/page"}],"author":[{"embeddable":true,"href":"https:\/\/npgingenieria.com\/index.php?rest_route=\/wp\/v2\/users\/1"}],"replies":[{"embeddable":true,"href":"https:\/\/npgingenieria.com\/index.php?rest_route=%2Fwp%2Fv2%2Fcomments&post=238"}],"version-history":[{"count":1,"href":"https:\/\/npgingenieria.com\/index.php?rest_route=\/wp\/v2\/pages\/238\/revisions"}],"predecessor-version":[{"id":240,"href":"https:\/\/npgingenieria.com\/index.php?rest_route=\/wp\/v2\/pages\/238\/revisions\/240"}],"wp:featuredmedia":[{"embeddable":true,"href":"https:\/\/npgingenieria.com\/index.php?rest_route=\/wp\/v2\/media\/239"}],"wp:attachment":[{"href":"https:\/\/npgingenieria.com\/index.php?rest_route=%2Fwp%2Fv2%2Fmedia&parent=238"}],"curies":[{"name":"wp","href":"https:\/\/api.w.org\/{rel}","templated":true}]}}