{"id":2,"date":"2021-11-07T14:50:22","date_gmt":"2021-11-07T14:50:22","guid":{"rendered":"http:\/\/box5852\/cgi\/addon_GT.cgi?s=GT::WP::Install::EIG+%28acwsmcmy%29+-+10.0.87.20+%5BWordpress%3b+\/var\/hp\/common\/lib\/Wordpress.pm%3b+543%3b+Hosting::gap_call%5D\/?page_id=2"},"modified":"2026-03-24T20:33:07","modified_gmt":"2026-03-24T20:33:07","slug":"home-npg-ingenieria","status":"publish","type":"page","link":"https:\/\/npgingenieria.com\/","title":{"rendered":"Inicio"},"content":{"rendered":"\n<h2 class=\"wp-block-heading\">NPG INGENIERIA<\/h2>\n\n\n\n<p>Npg ingenieria , Tenemos las mejores soluciones en generacion de energia, plantas electricas al mejor precio del mercado..<\/p>\n\n\n\n<p>Proveemos soluciones de generaci\u00f3n acordes a tus necesidades con sistemas dise\u00f1ados especialmente para cada uno de nuestros clientes. Incorporamos tecnolog\u00edas de automatizaci\u00f3n y monitoreo remoto para aumentar la confiabilidad de las aplicaciones. Siempre a la vanguardia en servicio y asesor\u00eda.<\/p>\n\n\n\n<p>Generadores, repuestos y plantas electricas al mejor precio del mercado<\/p>\n\n\n\n<p>Alta calidad y cumplimiento son nuestro lema. trabajamos dia a dia por mejorar en nuestros procesos. Buscamos ser la empresa lider del mercado en desarrollo de proyecots de ingenieria y generaci\u00f3n<\/p>\n\n\n\n<p><\/p>\n","protected":false},"excerpt":{"rendered":"<p>NPG INGENIERIA Npg ingenieria , Tenemos las mejores soluciones en generacion de energia, plantas electricas al mejor precio del mercado.. Proveemos soluciones de generaci\u00f3n acordes a tus necesidades con sistemas dise\u00f1ados especialmente para cada uno de nuestros clientes. Incorporamos tecnolog\u00edas de automatizaci\u00f3n y monitoreo remoto para aumentar la confiabilidad de las aplicaciones. Siempre a la [&hellip;]<\/p>\n","protected":false},"author":1,"featured_media":204,"parent":0,"menu_order":0,"comment_status":"closed","ping_status":"closed","template":"","meta":{"_joinchat":[],"footnotes":""},"class_list":["post-2","page","type-page","status-publish","has-post-thumbnail","hentry"],"_hostinger_reach_plugin_has_subscription_block":false,"_hostinger_reach_plugin_is_elementor":false,"jetpack_sharing_enabled":true,"_links":{"self":[{"href":"https:\/\/npgingenieria.com\/index.php?rest_route=\/wp\/v2\/pages\/2","targetHints":{"allow":["GET"]}}],"collection":[{"href":"https:\/\/npgingenieria.com\/index.php?rest_route=\/wp\/v2\/pages"}],"about":[{"href":"https:\/\/npgingenieria.com\/index.php?rest_route=\/wp\/v2\/types\/page"}],"author":[{"embeddable":true,"href":"https:\/\/npgingenieria.com\/index.php?rest_route=\/wp\/v2\/users\/1"}],"replies":[{"embeddable":true,"href":"https:\/\/npgingenieria.com\/index.php?rest_route=%2Fwp%2Fv2%2Fcomments&post=2"}],"version-history":[{"count":8,"href":"https:\/\/npgingenieria.com\/index.php?rest_route=\/wp\/v2\/pages\/2\/revisions"}],"predecessor-version":[{"id":322,"href":"https:\/\/npgingenieria.com\/index.php?rest_route=\/wp\/v2\/pages\/2\/revisions\/322"}],"wp:featuredmedia":[{"embeddable":true,"href":"https:\/\/npgingenieria.com\/index.php?rest_route=\/wp\/v2\/media\/204"}],"wp:attachment":[{"href":"https:\/\/npgingenieria.com\/index.php?rest_route=%2Fwp%2Fv2%2Fmedia&parent=2"}],"curies":[{"name":"wp","href":"https:\/\/api.w.org\/{rel}","templated":true}]}}